{"id":197,"date":"2021-09-04T17:28:42","date_gmt":"2021-09-04T15:28:42","guid":{"rendered":"http:\/\/ombrepatine.com\/?page_id=197"},"modified":"2021-09-08T12:29:44","modified_gmt":"2021-09-08T10:29:44","slug":"tarifs","status":"publish","type":"page","link":"https:\/\/ombrepatine.com\/index.php\/tarifs\/","title":{"rendered":"Tarifs"},"content":{"rendered":"\n<p><br>Travail sur devis. <br><\/p>\n\n\n\n<p>Nous conviendrons d&rsquo;un rendez-vous, chez vous, d&rsquo;environ 1h. Il me faudra un acc\u00e8s au meuble afin d&rsquo;\u00e9valuer le travail \u00e0 effectuer dessus ainsi que voir la pi\u00e8ce o\u00f9 le meuble sera plac\u00e9. Ce sera \u00e9galement pour vous l&rsquo;occasion de me pr\u00e9senter vos attentes.<\/p>\n\n\n\n<p>Devis gratuit.<\/p>\n\n\n\n<p><em>TVA non applicable article 293B du CGI.<\/em><\/p>\n\n\n\n<p><\/p>\n\n\n\n<p class=\"has-text-align-center\"><strong><em><a href=\"http:\/\/ombrepatine.com\/index.php\/contact\/\" target=\"_blank\" rel=\"noreferrer noopener\" title=\"Contact\">Contactez-moi !<\/a><\/em><\/strong><\/p>\n\n\n\n<div class=\"wp-block-jetpack-tiled-gallery aligncenter is-style-circle\"><div class=\"tiled-gallery__gallery\"><div class=\"tiled-gallery__row columns-4\"><div class=\"tiled-gallery__col\"><figure class=\"tiled-gallery__item\"><img srcset=\"https:\/\/i1.wp.com\/ombrepatine.com\/wp-content\/uploads\/2019\/10\/54381457_392419974922844_6652939646135173120_n.jpg?resize=600,600&#038;strip=info 600w,https:\/\/i1.wp.com\/ombrepatine.com\/wp-content\/uploads\/2019\/10\/54381457_392419974922844_6652939646135173120_n.jpg?resize=720,720&#038;strip=info 720w\" alt=\"\" data-height=\"960\" data-id=\"51\" data-link=\"http:\/\/ombrepatine.com\/index.php\/contact\/54381457_392419974922844_6652939646135173120_n\/\" data-url=\"http:\/\/ombrepatine.com\/wp-content\/uploads\/2019\/10\/54381457_392419974922844_6652939646135173120_n.jpg\" data-width=\"720\" src=\"https:\/\/i1.wp.com\/ombrepatine.com\/wp-content\/uploads\/2019\/10\/54381457_392419974922844_6652939646135173120_n.jpg?resize=720%2C720\" data-amp-layout=\"responsive\"\/><\/figure><\/div><div class=\"tiled-gallery__col\"><figure class=\"tiled-gallery__item\"><img srcset=\"https:\/\/i0.wp.com\/ombrepatine.com\/wp-content\/uploads\/2020\/02\/84671215_619353448896161_3520486732917112832_n.jpg?resize=600,600&#038;strip=info 600w,https:\/\/i0.wp.com\/ombrepatine.com\/wp-content\/uploads\/2020\/02\/84671215_619353448896161_3520486732917112832_n.jpg?resize=720,720&#038;strip=info 720w\" alt=\"\" data-height=\"720\" data-id=\"78\" data-link=\"http:\/\/ombrepatine.com\/?attachment_id=78\" data-url=\"http:\/\/ombrepatine.com\/wp-content\/uploads\/2020\/02\/84671215_619353448896161_3520486732917112832_n.jpg\" data-width=\"960\" src=\"https:\/\/i0.wp.com\/ombrepatine.com\/wp-content\/uploads\/2020\/02\/84671215_619353448896161_3520486732917112832_n.jpg?resize=720%2C720\" data-amp-layout=\"responsive\"\/><\/figure><\/div><div class=\"tiled-gallery__col\"><figure class=\"tiled-gallery__item\"><img srcset=\"https:\/\/i2.wp.com\/ombrepatine.com\/wp-content\/uploads\/2019\/10\/54255461_392420071589501_487813000976138240_n.jpg?resize=600,600&#038;strip=info 600w,https:\/\/i2.wp.com\/ombrepatine.com\/wp-content\/uploads\/2019\/10\/54255461_392420071589501_487813000976138240_n.jpg?resize=720,720&#038;strip=info 720w\" alt=\"\" data-height=\"720\" data-id=\"50\" data-link=\"http:\/\/ombrepatine.com\/index.php\/contact\/54255461_392420071589501_487813000976138240_n\/\" data-url=\"http:\/\/ombrepatine.com\/wp-content\/uploads\/2019\/10\/54255461_392420071589501_487813000976138240_n.jpg\" data-width=\"960\" src=\"https:\/\/i2.wp.com\/ombrepatine.com\/wp-content\/uploads\/2019\/10\/54255461_392420071589501_487813000976138240_n.jpg?resize=720%2C720\" data-amp-layout=\"responsive\"\/><\/figure><\/div><div class=\"tiled-gallery__col\"><figure class=\"tiled-gallery__item\"><img srcset=\"https:\/\/i1.wp.com\/ombrepatine.com\/wp-content\/uploads\/2019\/10\/53478462_392420008256174_7450008902516604928_n.jpg?resize=600,600&#038;strip=info 600w,https:\/\/i1.wp.com\/ombrepatine.com\/wp-content\/uploads\/2019\/10\/53478462_392420008256174_7450008902516604928_n.jpg?resize=720,720&#038;strip=info 720w\" alt=\"\" data-height=\"960\" data-id=\"46\" data-link=\"http:\/\/ombrepatine.com\/index.php\/contact\/53478462_392420008256174_7450008902516604928_n\/\" data-url=\"http:\/\/ombrepatine.com\/wp-content\/uploads\/2019\/10\/53478462_392420008256174_7450008902516604928_n.jpg\" data-width=\"720\" src=\"https:\/\/i1.wp.com\/ombrepatine.com\/wp-content\/uploads\/2019\/10\/53478462_392420008256174_7450008902516604928_n.jpg?resize=720%2C720\" data-amp-layout=\"responsive\"\/><\/figure><\/div><\/div><\/div><\/div>\n","protected":false},"excerpt":{"rendered":"<p>Travail sur devis. Nous conviendrons d&rsquo;un rendez-vous, chez vous, d&rsquo;environ 1h. Il me faudra un acc\u00e8s au meuble afin d&rsquo;\u00e9valuer le travail \u00e0 effectuer dessus ainsi que voir la pi\u00e8ce o\u00f9 le meuble sera plac\u00e9. Ce sera \u00e9galement pour vous l&rsquo;occasion de me pr\u00e9senter vos attentes. Devis gratuit. TVA non applicable article 293B du CGI. Contactez-moi !<\/p>\n","protected":false},"author":1,"featured_media":0,"parent":0,"menu_order":0,"comment_status":"closed","ping_status":"closed","template":"","meta":{"_monsterinsights_skip_tracking":false,"_monsterinsights_sitenote_active":false,"_monsterinsights_sitenote_note":"","_monsterinsights_sitenote_category":0,"spay_email":""},"jetpack_sharing_enabled":true,"_links":{"self":[{"href":"https:\/\/ombrepatine.com\/index.php\/wp-json\/wp\/v2\/pages\/197"}],"collection":[{"href":"https:\/\/ombrepatine.com\/index.php\/wp-json\/wp\/v2\/pages"}],"about":[{"href":"https:\/\/ombrepatine.com\/index.php\/wp-json\/wp\/v2\/types\/page"}],"author":[{"embeddable":true,"href":"https:\/\/ombrepatine.com\/index.php\/wp-json\/wp\/v2\/users\/1"}],"replies":[{"embeddable":true,"href":"https:\/\/ombrepatine.com\/index.php\/wp-json\/wp\/v2\/comments?post=197"}],"version-history":[{"count":3,"href":"https:\/\/ombrepatine.com\/index.php\/wp-json\/wp\/v2\/pages\/197\/revisions"}],"predecessor-version":[{"id":262,"href":"https:\/\/ombrepatine.com\/index.php\/wp-json\/wp\/v2\/pages\/197\/revisions\/262"}],"wp:attachment":[{"href":"https:\/\/ombrepatine.com\/index.php\/wp-json\/wp\/v2\/media?parent=197"}],"curies":[{"name":"wp","href":"https:\/\/api.w.org\/{rel}","templated":true}]}}