{"id":216,"date":"2021-09-04T19:52:35","date_gmt":"2021-09-04T17:52:35","guid":{"rendered":"http:\/\/ombrepatine.com\/?page_id=216"},"modified":"2021-09-05T18:33:30","modified_gmt":"2021-09-05T16:33:30","slug":"mentions-legales","status":"publish","type":"page","link":"https:\/\/ombrepatine.com\/index.php\/mentions-legales\/","title":{"rendered":"Mentions l\u00e9gales"},"content":{"rendered":"\n<p><em>Les mentions l\u00e9gales obligatoires concernant le site <a href=\"http:\/\/ombrepatine.com\" title=\"Tarifs\" target=\"_blank\" rel=\"noreferrer noopener\">ombrepatine.com<\/a> sont indiqu\u00e9es sur cette page conform\u00e9ment \u00e0 la loi pour la confiance dans l&rsquo;\u00e9conomie num\u00e9rique (LCEN) de juin 2004.<\/em><\/p>\n\n\n\n<h2>Atelier de l&rsquo;ombre \u00e0 la patine<\/h2>\n\n\n\n<p>Nathalie Lafaille<br>30 avenue de Sarlat \u2013 24590 Salignac-Eyvigues<br><a href=\"mailto:contact@ombrepatine.com\">contact@ombrepatine.com<\/a><br>06 75 02 82 36<br>SIRET : 511355562<br>Num\u00e9ro d&rsquo;inscription au r\u00e9pertoire des m\u00e9tiers :  511355562RM24 <\/p>\n\n\n\n<h2>Site h\u00e9berg\u00e9 par<\/h2>\n\n\n\n<p>OVH &#8211; 2 rue Kellermann &#8211; 59100 Roubaix &#8211; France<\/p>\n\n\n\n<h2>Responsable de la r\u00e9daction <\/h2>\n\n\n\n<p>E-r\u00e9dactrice &#8211; <a href=\"http:\/\/www.e-redactrice.fr\" target=\"_blank\" rel=\"noreferrer noopener\">www.e-redactrice.fr<\/a><\/p>\n\n\n\n<p><\/p>\n","protected":false},"excerpt":{"rendered":"<p>Les mentions l\u00e9gales obligatoires concernant le site ombrepatine.com sont indiqu\u00e9es sur cette page conform\u00e9ment \u00e0 la loi pour la confiance dans l&rsquo;\u00e9conomie num\u00e9rique (LCEN) de juin 2004. Atelier de l&rsquo;ombre \u00e0 la patine Nathalie Lafaille30 avenue de Sarlat \u2013 24590 Salignac-Eyviguescontact@ombrepatine.com06 75 02 82 36SIRET : 511355562Num\u00e9ro d&rsquo;inscription au r\u00e9pertoire des m\u00e9tiers : 511355562RM24 Site h\u00e9berg\u00e9 par OVH &#8211; 2 rue Kellermann &#8211; 59100 Roubaix &#8211; France Responsable de la r\u00e9daction E-r\u00e9dactrice &#8211; www.e-redactrice.fr<\/p>\n","protected":false},"author":1,"featured_media":0,"parent":0,"menu_order":0,"comment_status":"closed","ping_status":"closed","template":"","meta":{"_monsterinsights_skip_tracking":false,"_monsterinsights_sitenote_active":false,"_monsterinsights_sitenote_note":"","_monsterinsights_sitenote_category":0,"spay_email":""},"jetpack_sharing_enabled":true,"_links":{"self":[{"href":"https:\/\/ombrepatine.com\/index.php\/wp-json\/wp\/v2\/pages\/216"}],"collection":[{"href":"https:\/\/ombrepatine.com\/index.php\/wp-json\/wp\/v2\/pages"}],"about":[{"href":"https:\/\/ombrepatine.com\/index.php\/wp-json\/wp\/v2\/types\/page"}],"author":[{"embeddable":true,"href":"https:\/\/ombrepatine.com\/index.php\/wp-json\/wp\/v2\/users\/1"}],"replies":[{"embeddable":true,"href":"https:\/\/ombrepatine.com\/index.php\/wp-json\/wp\/v2\/comments?post=216"}],"version-history":[{"count":3,"href":"https:\/\/ombrepatine.com\/index.php\/wp-json\/wp\/v2\/pages\/216\/revisions"}],"predecessor-version":[{"id":220,"href":"https:\/\/ombrepatine.com\/index.php\/wp-json\/wp\/v2\/pages\/216\/revisions\/220"}],"wp:attachment":[{"href":"https:\/\/ombrepatine.com\/index.php\/wp-json\/wp\/v2\/media?parent=216"}],"curies":[{"name":"wp","href":"https:\/\/api.w.org\/{rel}","templated":true}]}}